{"id":1820,"date":"2023-09-25T15:18:30","date_gmt":"2023-09-25T14:18:30","guid":{"rendered":"https:\/\/ambabuja.esteri.it\/chi-siamo\/contatti\/"},"modified":"2024-09-02T12:01:27","modified_gmt":"2024-09-02T11:01:27","slug":"contatti","status":"publish","type":"page","link":"https:\/\/ambabuja.esteri.it\/fr\/chi-siamo\/contatti\/","title":{"rendered":"Contacts"},"content":{"rendered":"<p><strong>Ambassade d&rsquo;Italie \u00e0 Abuja<br \/>\n<\/strong>EU Complex, European Union Crescent Road, Central Business District, Abuja (Nigeria)<br \/>\nTel. +234 (0)2094 602 970<br \/>\nTel. +234 (0)2094 602 971<br \/>\nTel. +234 (0)2094 602 972<\/p>\n<p><strong>Secr\u00e9tariat<br \/>\n<\/strong>e-mail: <a href=\"mailto:abuja.segreteria@esteri.it\">abuja.segreteria@esteri.it<\/a><\/p>\n<p><strong>Consular Section<\/strong><br \/>\ne-mail: <a href=\"mailto:consolare.abuja@esteri.it\">consolare.abuja@esteri.it<\/a><\/p>\n<p><strong>Section Commercial<\/strong><br \/>\ne-mail: <a href=\"mailto:commerciale.abuja@esteri.it\">commerciale.abuja@esteri.it<\/a><\/p>\n<p><strong>PEC<\/strong>: <a href=\"mailto:amb.abuja@cert.esteri.it\">amb.abuja@cert.esteri.it<\/a><\/p>\n<p>En dehors des heures de bureau et les jours f\u00e9ri\u00e9s, exclusivement pour des questions d&rsquo;urgence av\u00e9r\u00e9e, l&rsquo;Ambassade d&rsquo;Italie \u00e0 Abuja peut \u00eatre contact\u00e9e par le <strong>num\u00e9ro d&rsquo;urgence<\/strong> suivant (+234 (0)8035 235 848).<\/p>\n<p><strong>Bureau de l&rsquo;Attach\u00e9 Militaire<\/strong> <strong>(Col. Davide Rosellini)<\/strong><br \/>\n7 Abdullahi Ibrahim Street, Off T.O.S. Benson Crescent, Utako, Abuja (Nigeria)<br \/>\n+234 (0)8022 914 333<br \/>\n+234 (0)8174 444 119<br \/>\ne-mail: <a href=\"mailto:difeitalia.abuja@smd.difesa.it\">difeitalia.abuja@smd.difesa.it<\/a><\/p>\n","protected":false},"excerpt":{"rendered":"Ambassade d&rsquo;Italie \u00e0 Abuja EU Complex, European Union Crescent Road, Central Business District, Abuja (Nigeria) Tel. +234 (0)2094 602 970 Tel. +234 (0)2094 602 971 Tel. +234 (0)2094 602 972 Secr\u00e9tariat e-mail: abuja.segreteria@esteri.it Consular Section e-mail: consolare.abuja@esteri.it Section Commercial e-mail: commerciale.abuja@esteri.it PEC: amb.abuja@cert.esteri.it En dehors des heures de bureau et les jours f\u00e9ri\u00e9s, exclusivement pour [&hellip;]","protected":false},"author":1,"featured_media":0,"parent":1796,"menu_order":4,"comment_status":"closed","ping_status":"closed","template":"","meta":{"footnotes":""},"class_list":["post-1820","page","type-page","status-publish","hentry"],"_links":{"self":[{"href":"https:\/\/ambabuja.esteri.it\/fr\/wp-json\/wp\/v2\/pages\/1820","targetHints":{"allow":["GET"]}}],"collection":[{"href":"https:\/\/ambabuja.esteri.it\/fr\/wp-json\/wp\/v2\/pages"}],"about":[{"href":"https:\/\/ambabuja.esteri.it\/fr\/wp-json\/wp\/v2\/types\/page"}],"author":[{"embeddable":true,"href":"https:\/\/ambabuja.esteri.it\/fr\/wp-json\/wp\/v2\/users\/1"}],"replies":[{"embeddable":true,"href":"https:\/\/ambabuja.esteri.it\/fr\/wp-json\/wp\/v2\/comments?post=1820"}],"version-history":[{"count":3,"href":"https:\/\/ambabuja.esteri.it\/fr\/wp-json\/wp\/v2\/pages\/1820\/revisions"}],"predecessor-version":[{"id":1929,"href":"https:\/\/ambabuja.esteri.it\/fr\/wp-json\/wp\/v2\/pages\/1820\/revisions\/1929"}],"up":[{"embeddable":true,"href":"https:\/\/ambabuja.esteri.it\/fr\/wp-json\/wp\/v2\/pages\/1796"}],"wp:attachment":[{"href":"https:\/\/ambabuja.esteri.it\/fr\/wp-json\/wp\/v2\/media?parent=1820"}],"curies":[{"name":"wp","href":"https:\/\/api.w.org\/{rel}","templated":true}]}}