{"id":1825,"date":"2023-04-11T18:08:31","date_gmt":"2023-04-11T17:08:31","guid":{"rendered":"https:\/\/ambabuja.esteri.it\/chi-siamo\/la-rete-consolare\/"},"modified":"2024-09-02T12:09:27","modified_gmt":"2024-09-02T11:09:27","slug":"la-rete-consolare","status":"publish","type":"page","link":"https:\/\/ambabuja.esteri.it\/fr\/chi-siamo\/la-rete-consolare\/","title":{"rendered":"Le r\u00e9seau consulaire"},"content":{"rendered":"<p><strong>CONSULAT G\u00c9N\u00c9RAL D&rsquo;ITALIE \u00c0 LAGOS<br \/>\n<\/strong>12, Walter Carrington Crescente, Victoria Island, P.O. Box 2161<br \/>\n<a href=\"https:\/\/conslagos.esteri.it\/consolato_lagos\/it\/\">www.conslagos.esteri.it<\/a><\/p>\n<p><strong>CORRESPONDANT CONSULAIRE EN LA REPUBLIQUE DU BENIN<br \/>\n<\/strong>Mr. Vitaliano Gobbo &#8211; Correspondant Consulaire<br \/>\nAvenue Proche, Quartier Guinkomey, B.P., Cotonou<br \/>\n<a href=\"mailto:secretariat@consolatoitaliabenin.net\">secretariat@consolatoitaliabenin.net<br \/>\n<\/a><a href=\"mailto:consul@consolatoitaliabenin.net\">consul@consolatoitaliabenin.net<br \/>\n<\/a>tel. +229 21318937 \/ +229 2131006 \/ +229 21361280 \/ +229 97195276 \/ +229 97891090<\/p>\n","protected":false},"excerpt":{"rendered":"CONSULAT G\u00c9N\u00c9RAL D&rsquo;ITALIE \u00c0 LAGOS 12, Walter Carrington Crescente, Victoria Island, P.O. Box 2161 www.conslagos.esteri.it CORRESPONDANT CONSULAIRE EN LA REPUBLIQUE DU BENIN Mr. Vitaliano Gobbo &#8211; Correspondant Consulaire Avenue Proche, Quartier Guinkomey, B.P., Cotonou secretariat@consolatoitaliabenin.net consul@consolatoitaliabenin.net tel. +229 21318937 \/ +229 2131006 \/ +229 21361280 \/ +229 97195276 \/ +229 97891090","protected":false},"author":1,"featured_media":0,"parent":1796,"menu_order":8,"comment_status":"closed","ping_status":"closed","template":"","meta":{"footnotes":""},"class_list":["post-1825","page","type-page","status-publish","hentry"],"_links":{"self":[{"href":"https:\/\/ambabuja.esteri.it\/fr\/wp-json\/wp\/v2\/pages\/1825","targetHints":{"allow":["GET"]}}],"collection":[{"href":"https:\/\/ambabuja.esteri.it\/fr\/wp-json\/wp\/v2\/pages"}],"about":[{"href":"https:\/\/ambabuja.esteri.it\/fr\/wp-json\/wp\/v2\/types\/page"}],"author":[{"embeddable":true,"href":"https:\/\/ambabuja.esteri.it\/fr\/wp-json\/wp\/v2\/users\/1"}],"replies":[{"embeddable":true,"href":"https:\/\/ambabuja.esteri.it\/fr\/wp-json\/wp\/v2\/comments?post=1825"}],"version-history":[{"count":2,"href":"https:\/\/ambabuja.esteri.it\/fr\/wp-json\/wp\/v2\/pages\/1825\/revisions"}],"predecessor-version":[{"id":1935,"href":"https:\/\/ambabuja.esteri.it\/fr\/wp-json\/wp\/v2\/pages\/1825\/revisions\/1935"}],"up":[{"embeddable":true,"href":"https:\/\/ambabuja.esteri.it\/fr\/wp-json\/wp\/v2\/pages\/1796"}],"wp:attachment":[{"href":"https:\/\/ambabuja.esteri.it\/fr\/wp-json\/wp\/v2\/media?parent=1825"}],"curies":[{"name":"wp","href":"https:\/\/api.w.org\/{rel}","templated":true}]}}