{"id":1870,"date":"2023-04-11T17:48:10","date_gmt":"2023-04-11T16:48:10","guid":{"rendered":"https:\/\/ambabuja.esteri.it\/amministrazione-trasparente\/"},"modified":"2025-10-31T10:43:58","modified_gmt":"2025-10-31T09:43:58","slug":"amministrazione-trasparente","status":"publish","type":"page","link":"https:\/\/ambabuja.esteri.it\/fr\/amministrazione-trasparente\/","title":{"rendered":"Administration transparente"},"content":{"rendered":"<div class=\"col-lg-8\">\n<article id=\"post-262\" class=\"post-262 page type-page status-publish hentry\">\n<div class=\"entry-content\">\n<p>La section \u00ab Administration transparente \u00bb du site web est organis\u00e9e conform\u00e9ment aux dispositions pr\u00e9vues par le D\u00e9cret l\u00e9gislatif n\u00b0 33 du 14 mars.<\/p>\n<p>Les donn\u00e9es personnelles publi\u00e9es ne sont r\u00e9utilisables que dans les conditions pr\u00e9vues par la l\u00e9gislation en vigueur sur la r\u00e9utilisation des donn\u00e9es publiques (Directive communautaire 2003\/98\/CE et D\u00e9cret l\u00e9gislatif n\u00b0 36\/2006 transposant cette directive dans le droit italien), dans des termes compatibles avec les finalit\u00e9s pour lesquelles elles ont \u00e9t\u00e9 collect\u00e9es et enregistr\u00e9es, et dans le respect de la l\u00e9gislation en vigueur sur la protection des donn\u00e9es personnelles. Voir les Lignes directrices du Garante per la Protezione dei Dati Personali publi\u00e9es au Journal officiel n\u00b0 134 du 12 juin 2014.<\/p>\n<\/div>\n<\/article>\n<\/div>\n","protected":false},"excerpt":{"rendered":"La section \u00ab Administration transparente \u00bb du site web est organis\u00e9e conform\u00e9ment aux dispositions pr\u00e9vues par le D\u00e9cret l\u00e9gislatif n\u00b0 33 du 14 mars. Les donn\u00e9es personnelles publi\u00e9es ne sont r\u00e9utilisables que dans les conditions pr\u00e9vues par la l\u00e9gislation en vigueur sur la r\u00e9utilisation des donn\u00e9es publiques (Directive communautaire 2003\/98\/CE et D\u00e9cret l\u00e9gislatif n\u00b0 36\/2006 [&hellip;]","protected":false},"author":1,"featured_media":0,"parent":0,"menu_order":10,"comment_status":"closed","ping_status":"closed","template":"","meta":{"footnotes":""},"class_list":["post-1870","page","type-page","status-publish","hentry"],"_links":{"self":[{"href":"https:\/\/ambabuja.esteri.it\/fr\/wp-json\/wp\/v2\/pages\/1870","targetHints":{"allow":["GET"]}}],"collection":[{"href":"https:\/\/ambabuja.esteri.it\/fr\/wp-json\/wp\/v2\/pages"}],"about":[{"href":"https:\/\/ambabuja.esteri.it\/fr\/wp-json\/wp\/v2\/types\/page"}],"author":[{"embeddable":true,"href":"https:\/\/ambabuja.esteri.it\/fr\/wp-json\/wp\/v2\/users\/1"}],"replies":[{"embeddable":true,"href":"https:\/\/ambabuja.esteri.it\/fr\/wp-json\/wp\/v2\/comments?post=1870"}],"version-history":[{"count":3,"href":"https:\/\/ambabuja.esteri.it\/fr\/wp-json\/wp\/v2\/pages\/1870\/revisions"}],"predecessor-version":[{"id":3049,"href":"https:\/\/ambabuja.esteri.it\/fr\/wp-json\/wp\/v2\/pages\/1870\/revisions\/3049"}],"wp:attachment":[{"href":"https:\/\/ambabuja.esteri.it\/fr\/wp-json\/wp\/v2\/media?parent=1870"}],"curies":[{"name":"wp","href":"https:\/\/api.w.org\/{rel}","templated":true}]}}