{"id":1875,"date":"2023-04-11T18:22:07","date_gmt":"2023-04-11T17:22:07","guid":{"rendered":"https:\/\/ambabuja.esteri.it\/servizi-consolari-e-visti\/servizi-per-il-cittadino-straniero\/visti\/"},"modified":"2025-07-21T14:01:10","modified_gmt":"2025-07-21T13:01:10","slug":"visti","status":"publish","type":"page","link":"https:\/\/ambabuja.esteri.it\/fr\/servizi-consolari-e-visti\/servizi-per-il-cittadino-straniero\/visti\/","title":{"rendered":"Visas"},"content":{"rendered":"<p>Les demandes de visa sont trait\u00e9es par le<strong> Consulat g\u00e9n\u00e9ral d\u2019Italie \u00e0 Lagos<\/strong>, dont le site internet <a href=\"https:\/\/conslagos.esteri.it\/it\/\"><strong>https:\/\/conslagos.esteri.it\/fr\/<\/strong><\/a> fournit tous les d\u00e9tails pertinents<strong>.<\/strong><\/p>\n<p><strong>\u00a0<\/strong><\/p>\n<p><strong>Veuillez noter que les demandes de visa doivent \u00eatre soumises par l\u2019interm\u00e9diaire de l\u2019agence TLSContact, <\/strong>qui dispose de centres de collecte des demandes \u00e0 Abuja et \u00e0 Lagos. Les rendez-vous doivent \u00eatre pris \u00e0 l\u2019avance, apr\u00e8s enregistrement de l\u2019utilisateur, via le site internet <a href=\"https:\/\/it.tlscontact.com\/ng\/splash.php\"><strong>https:\/\/it.tlscontact.com\/ng\/splash.php<\/strong><\/a><strong>.<\/strong><\/p>\n<p>&nbsp;<\/p>\n<p>Toutes les informations g\u00e9n\u00e9rales concernant la soumission des demandes de visa pour l\u2019Italie et l\u2019espace Schengen sont disponibles sur le site officiel du Minist\u00e8re des Affaires \u00c9trang\u00e8res et de la Coop\u00e9ration Internationale (MAECI): <a href=\"https:\/\/vistoperitalia.esteri.it\/\"><strong>https:\/\/vistoperitalia.esteri.it\/<\/strong><\/a><\/p>\n","protected":false},"excerpt":{"rendered":"Les demandes de visa sont trait\u00e9es par le Consulat g\u00e9n\u00e9ral d\u2019Italie \u00e0 Lagos, dont le site internet https:\/\/conslagos.esteri.it\/fr\/ fournit tous les d\u00e9tails pertinents. \u00a0 Veuillez noter que les demandes de visa doivent \u00eatre soumises par l\u2019interm\u00e9diaire de l\u2019agence TLSContact, qui dispose de centres de collecte des demandes \u00e0 Abuja et \u00e0 Lagos. Les rendez-vous doivent [&hellip;]","protected":false},"author":1,"featured_media":0,"parent":1835,"menu_order":0,"comment_status":"closed","ping_status":"closed","template":"","meta":{"footnotes":""},"class_list":["post-1875","page","type-page","status-publish","hentry"],"_links":{"self":[{"href":"https:\/\/ambabuja.esteri.it\/fr\/wp-json\/wp\/v2\/pages\/1875","targetHints":{"allow":["GET"]}}],"collection":[{"href":"https:\/\/ambabuja.esteri.it\/fr\/wp-json\/wp\/v2\/pages"}],"about":[{"href":"https:\/\/ambabuja.esteri.it\/fr\/wp-json\/wp\/v2\/types\/page"}],"author":[{"embeddable":true,"href":"https:\/\/ambabuja.esteri.it\/fr\/wp-json\/wp\/v2\/users\/1"}],"replies":[{"embeddable":true,"href":"https:\/\/ambabuja.esteri.it\/fr\/wp-json\/wp\/v2\/comments?post=1875"}],"version-history":[{"count":2,"href":"https:\/\/ambabuja.esteri.it\/fr\/wp-json\/wp\/v2\/pages\/1875\/revisions"}],"predecessor-version":[{"id":2533,"href":"https:\/\/ambabuja.esteri.it\/fr\/wp-json\/wp\/v2\/pages\/1875\/revisions\/2533"}],"up":[{"embeddable":true,"href":"https:\/\/ambabuja.esteri.it\/fr\/wp-json\/wp\/v2\/pages\/1835"}],"wp:attachment":[{"href":"https:\/\/ambabuja.esteri.it\/fr\/wp-json\/wp\/v2\/media?parent=1875"}],"curies":[{"name":"wp","href":"https:\/\/api.w.org\/{rel}","templated":true}]}}