{"id":2399,"date":"2023-04-11T18:24:01","date_gmt":"2023-04-11T17:24:01","guid":{"rendered":"https:\/\/ambabuja.esteri.it\/italia-e-nigeria\/diplomazia-economica\/fare-affari-in-italia\/"},"modified":"2026-02-24T12:28:30","modified_gmt":"2026-02-24T11:28:30","slug":"fare-affari-in-italia","status":"publish","type":"page","link":"https:\/\/ambabuja.esteri.it\/fr\/italia-e-nigeria\/diplomazia-economica\/fare-affari-in-italia\/","title":{"rendered":"Faire des affaires en Italie"},"content":{"rendered":"<p><img decoding=\"async\" style=\"width: 100%; max-width: 600px; height: auto; vertical-align: middle;\" src=\"\/wp-content\/uploads\/2025\/04\/invest-in-italy-logo.png\" \/><\/p>\n<div>\n<p><strong>Investir en Italie offre diverses opportunit\u00e9s et avantages<\/strong>, permettant d\u2019acc\u00e9der \u00e0 un immense patrimoine de connaissances intellectuelles et sp\u00e9cialis\u00e9es uniques au monde, ainsi qu\u2019\u00e0 un savoir-faire exceptionnel dans de nombreux secteurs strat\u00e9giques. Voici les principales raisons pour lesquelles notre pays repr\u00e9sente une destination particuli\u00e8rement attractive pour l\u2019implantation d\u2019entreprises \u00e9trang\u00e8res et le d\u00e9veloppement de projets d\u2019investissements \u00e9trangers.<\/p>\n<p><strong>Une \u00e9conomie et un march\u00e9 parmi les plus importants au niveau mondial<\/strong><\/p>\n<p>L\u2019Italie repr\u00e9sente la troisi\u00e8me \u00e9conomie de la zone euro par produit int\u00e9rieur brut et la dixi\u00e8me au monde, avec une valeur d\u2019environ deux mille milliards de dollars (World Bank, 2022). Le march\u00e9 int\u00e9rieur italien offre de multiples opportunit\u00e9s commerciales, en pouvant compter sur environ 60\u202fmillions d\u2019habitants et un PIB par habitant de plus de 34\u202f000\u202fdollars.<\/p>\n<p>Sur la p\u00e9riode 2020-2023, l\u2019Italie a enregistr\u00e9 une augmentation du PIB par habitant de 4,9\u202f% par rapport \u00e0 2019. Seuls les \u00c9tats\u2011Unis, au sein du G7, ont fait mieux (5,5\u202f%). Suivent, plus loin derri\u00e8re, le Japon (2,8\u202f%) et le Canada (1,3\u202f%). D\u2019autres \u00e9conomies sont rest\u00e9es quasi stables\u202f: Royaume\u2011Uni (0,4\u202f%), France (0,1\u202f%), Allemagne (-1\u202f%). Par rapport au niveau de 2019, le PIB italien a augment\u00e9 davantage que celui de l\u2019Espagne, de la France et de l\u2019Allemagne, malgr\u00e9 une baisse d\u00e9mographique significative (-786\u202f000 habitants) non observ\u00e9e dans les autres pays, t\u00e9moignant ainsi de la vitalit\u00e9 de l\u2019\u00e9conomie italienne.<\/p>\n<p><strong>La production italienne repr\u00e9sente 12,3\u202f% du produit int\u00e9rieur brut de l\u2019Union europ\u00e9enne.<\/strong> En 2023, selon les donn\u00e9es de l\u2019ISTAT, la structure de l\u2019\u00e9conomie italienne par secteur d\u2019activit\u00e9 est similaire \u00e0 celle des principaux pays europ\u00e9ens, avec une valeur de la production s\u2019\u00e9levant \u00e0 72,3\u202f% dans le secteur tertiaire (services et commerce), 25,6\u202f% dans le secteur secondaire (industrie manufacturi\u00e8re et construction) et 2,1\u202f% dans le secteur primaire (agriculture, activit\u00e9s mini\u00e8res, for\u00eats et p\u00eache).<\/p>\n<p>Le tissu productif italien est constitu\u00e9 principalement de petites et moyennes entreprises (PME) dot\u00e9es de solides capacit\u00e9s d\u2019innovation et d\u2019une grande flexibilit\u00e9. Le pourcentage de PME italiennes ayant introduit des innovations de produit et de processus, strat\u00e9giques et organisationnelles, est sup\u00e9rieur \u00e0 la moyenne de l\u2019Union europ\u00e9enne.<\/p>\n<p>En janvier\u202f2024, l\u2019indice des prix \u00e0 la consommation a enregistr\u00e9 une variation en hausse, par rapport au m\u00eame mois de l\u2019ann\u00e9e pr\u00e9c\u00e9dente, de 0,8\u202f%, un chiffre nettement inf\u00e9rieur \u00e0 celui du Royaume\u2011Uni (4,3\u202f%), des \u00c9tats\u2011Unis et de la France (3,1\u202f%), de l\u2019Allemagne et du Canada (2,9\u202f%). L\u2019emploi est \u00e0 son plus haut niveau historique. \u00c0 la fin du quatri\u00e8me trimestre\u202f2023, l\u2019Italie comptait 23\u202f729\u202f000 personnes employ\u00e9es (soit 661\u202f000 de plus qu\u2019en\u202f2019).<\/p>\n<p><strong>Un centre strat\u00e9gique au carrefour des march\u00e9s internationaux<\/strong><\/p>\n<p>Situ\u00e9e au c\u0153ur de la M\u00e9diterran\u00e9e, l\u2019Italie repr\u00e9sente une porte d\u2019acc\u00e8s non seulement au march\u00e9 unique europ\u00e9en et \u00e0 ses 447\u202fmillions de consommateurs potentiels, mais aussi aux pays du Moyen\u2011Orient et d\u2019Afrique du Nord, zones en forte croissance regroupant 270\u202fmillions de consommateurs potentiels. L\u2019Italie constitue \u00e9galement un n\u0153ud crucial pour les liaisons routi\u00e8res, ferroviaires, maritimes et a\u00e9riennes entre l\u2019Europe du Sud et les pays du Nord et de l\u2019Est de l\u2019Europe.<\/p>\n<p>Le r\u00e9seau de transports en Italie est bien d\u00e9velopp\u00e9 et diversifi\u00e9\u202f: \u00e0 ce jour, il comprend 6\u202f977\u202fkm d\u2019autoroutes, plus de 1\u202f000\u202fkm de voies ferr\u00e9es pour le transport ferroviaire \u00e0 grande vitesse, 137\u202fports commerciaux et environ 40\u202fa\u00e9roports situ\u00e9s dans des localisations cl\u00e9s tout au long de la p\u00e9ninsule. Sa position g\u00e9ographique en fait un hub id\u00e9al pour le commerce international et la logistique. Notre pays peut en outre compter sur un syst\u00e8me de d\u00e9douanement des marchandises performant, aujourd\u2019hui enti\u00e8rement num\u00e9ris\u00e9.<\/p>\n<p><strong>Un pays leader dans le secteur manufacturier et dans l\u2019exportation<\/strong><\/p>\n<p>L\u2019Italie est la deuxi\u00e8me \u00e9conomie manufacturi\u00e8re en Europe, derri\u00e8re seulement l\u2019Allemagne, avec une valeur de production sup\u00e9rieure \u00e0 1\u202f000\u202fmilliards d\u2019euros. Investir en Italie signifie avoir acc\u00e8s \u00e0 un savoir\u2011faire unique dans l\u2019exportation des machines et de l\u2019automatisation, de la mode, du design et de l\u2019\u0153nogastronomie. Les entreprises \u00e9trang\u00e8res qui investissent en Italie peuvent s\u2019appuyer sur un dense r\u00e9seau de districts industriels, pr\u00e9sents sur l\u2019ensemble du territoire national et bien int\u00e9gr\u00e9s aux cha\u00eenes de valeur internationales. Le secteur li\u00e9 au design, \u00e0 la mode et aux biens de luxe constitue une excellence de renomm\u00e9e mondiale.<\/p>\n<p>L\u2019exportation italienne est la plus comp\u00e9titive parmi les pays du G7. Selon les premi\u00e8res estimations de l\u2019OMC, en\u202f2023 elle a atteint un nouveau record historique de 677\u202fmilliards de dollars. En excluant les Pays\u2011Bas, dont l\u2019exportation effective est environ la moiti\u00e9 de celle d\u00e9clar\u00e9e (principalement en raison de la distorsion statistique li\u00e9e au transit des marchandises par le port de Rotterdam), l\u2019Italie est le cinqui\u00e8me exportateur mondial, \u00e0 seulement 40\u202fmilliards de dollars du Japon. Sur la p\u00e9riode\u202f2015\u20112023, l\u2019exportation italienne en dollars a augment\u00e9 de 48\u202f%, soit presque le double de la croissance fran\u00e7aise (28\u202f%) et allemande (27\u202f%), et trois fois celle du Japon (15\u202f%).<\/p>\n<p>En termes de balance commerciale manufacturi\u00e8re, l\u2019Italie se classe cinqui\u00e8me au niveau mondial et deuxi\u00e8me en Europe. L\u2019exportation italienne se distingue par une forte pr\u00e9sence dans les segments de production \u00e0 haute intensit\u00e9 de connaissances comme, par exemple, le secteur pharmaceutique et celui de l\u2019a\u00e9ronautique et de l\u2019a\u00e9rospatiale.<\/p>\n<p>L\u2019Italie poss\u00e8de une vocation historique et solide pour l\u2019exportation, soutenue notamment par la perception de la marque \u00ab\u202fMade in Italy\u202f\u00bb sur les march\u00e9s internationaux. En termes de valeur de marque, l\u2019Italie se classe neuvi\u00e8me au monde avec un montant de 2,326\u202fmilliards de dollars, soit 2,18\u202fmilliards d\u2019euros (National Brand Ranking\u202f2024).<\/p>\n<p><strong>Une excellence dans la recherche et l\u2019innovation<\/strong><\/p>\n<p>L\u2019Italie investit de plus en plus dans la recherche et le d\u00e9veloppement, avec un accent particulier sur l\u2019intelligence artificielle, la robotique, l\u2019\u00e9nergie propre et les technologies num\u00e9riques. Elle accueille de nombreux centres de recherche et d\u00e9veloppement d\u2019excellence ainsi que 14\u202funiversit\u00e9s class\u00e9es parmi les 500\u202fmeilleures au monde (QS World University Rankings\u202f2024). L\u2019Italie est le cinqui\u00e8me pays au monde pour le \u00ab\u202ffacteur d\u2019impact\u202f\u00bb des publications scientifiques produites (nombre moyen de citations obtenues) et le douzi\u00e8me pour les investissements en recherche biom\u00e9dicale.<\/p>\n<p><strong>Art, tourisme et qualit\u00e9 de vie<\/strong><\/p>\n<p>Notre richesse naturelle, culturelle et paysag\u00e8re est inestimable\u202f: un patrimoine compos\u00e9 d\u2019immenses espaces naturels, de sites arch\u00e9ologiques exclusifs, de monuments uniques et d\u2019innombrables chefs-d\u2019\u0153uvre artistiques, tous \u00e0 d\u00e9couvrir ou \u00e0 visiter. Les villes italiennes se distinguent par une qualit\u00e9 de vie \u00e9lev\u00e9e, un climat agr\u00e9able et une gastronomie renomm\u00e9e. L\u2019Italie est le pays qui d\u00e9tient le plus grand nombre de sites inscrits sur la liste du patrimoine mondial de l\u2019UNESCO\u202f: 59\u202fsont reconnus comme \u00ab\u202fpatrimoine de l\u2019humanit\u00e9\u202f\u00bb et 16\u202ffigurent sur la liste repr\u00e9sentative du patrimoine culturel immat\u00e9riel. Elle est \u00e9galement l\u2019une des principales destinations touristiques mondiales. Selon l\u2019Organisation mondiale du tourisme (OMT), en\u202f2023, l\u2019Italie s\u2019est class\u00e9e au quatri\u00e8me rang mondial pour les arriv\u00e9es de touristes internationaux.<\/p>\n<p><strong>Opportunit\u00e9s d\u2019investissement<\/strong><\/p>\n<p>Sur la plateforme <strong><a href=\"https:\/\/www.investinitaly.gov.it\/\">Invest in Italy<\/a><\/strong>, premier site web unitaire interinstitutionnel d\u00e9di\u00e9 \u00e0 l\u2019attraction des investissements, il est possible de d\u00e9couvrir les principales opportunit\u00e9s offertes par notre pays. On y trouve des fiches d\u00e9taill\u00e9es sur 13\u202fsecteurs strat\u00e9giques pour l\u2019\u00e9conomie nationale, les principales d\u00e9marches administratives et les incitations disponibles au niveau national. D\u2019un int\u00e9r\u00eat et d\u2019une utilit\u00e9 imm\u00e9diats, la section consacr\u00e9e aux opportunit\u00e9s d\u2019implantation a \u00e9t\u00e9 \u00e9labor\u00e9e gr\u00e2ce \u00e0 un recensement men\u00e9 pour la premi\u00e8re fois sur le territoire avec les R\u00e9gions et les Provinces autonomes\u202f; elle r\u00e9pertorie plus de 250\u202fsites industriels publics <em>greenfield<\/em>, <em>brownfield<\/em> et logistiques imm\u00e9diatement disponibles pour les investisseurs.<\/p>\n<p>Le portail <strong><a href=\"https:\/\/www.investinitalyrealestate.com\/it\/\">Invest in Italy Real Estate<\/a><\/strong> est quant \u00e0 lui consacr\u00e9 \u00e0 la pr\u00e9sentation d\u2019offres d\u2019investissement dans des biens immobiliers publics, des soci\u00e9t\u00e9s publiques ou \u00e0 participation public-priv\u00e9, destin\u00e9es \u00e0 des op\u00e9rateurs italiens et \u00e9trangers. Il permet de faciliter, de mani\u00e8re simple et transparente, la mise en relation entre la demande d\u2019investissements professionnels et les opportunit\u00e9s immobili\u00e8res qualifi\u00e9es s\u00e9lectionn\u00e9es dans le patrimoine public italien, parmi les plus pertinentes en termes d\u2019emplacement, de typologie et de taille.<\/p>\n<p><strong>Incitations fiscales et visas d\u2019entr\u00e9e facilit\u00e9s<\/strong><\/p>\n<p>Afin de favoriser l\u2019arriv\u00e9e d\u2019investissements significatifs dans notre pays, les citoyens non issus de l\u2019Union europ\u00e9enne peuvent, dans certains cas, b\u00e9n\u00e9ficier d\u2019avantages fiscaux ainsi que de proc\u00e9dures rapides et simplifi\u00e9es pour l\u2019obtention de visas d\u2019entr\u00e9e.<\/p>\n<p>Les ressortissants \u00e9trangers \u00e0 hauts revenus (hors UE) qui transf\u00e8rent leur r\u00e9sidence fiscale en Italie peuvent profiter d\u2019un r\u00e9gime fiscal privil\u00e9gi\u00e9 permettant notamment d\u2019opter pour un imp\u00f4t forfaitaire sur l\u2019ensemble des revenus provenant de l\u2019\u00e9tranger, sans application de la fiscalit\u00e9 ordinaire. Cet avantage, particuli\u00e8rement comp\u00e9titif, est valable pour une dur\u00e9e de 15\u202fans. Pour plus de d\u00e9tails, il convient de consulter le site de l\u2019<strong><a href=\"https:\/\/www.agenziaentrate.gov.it\/portale\/web\/guest\/schede\/agevolazioni\/opzione-per-i-neo-residenti\/infogen-opzionale-neo-residenti-cittadini\">Agenzia delle Entrate<\/a><\/strong>. \u00c0 cet \u00e9gard, le rapport <a href=\"https:\/\/www.henleyglobal.com\/publications\/henley-private-wealth-migration-report-2024\/top-10-country-inflows\"><strong>Henley Private Wealth Migration Report\u202f2024<\/strong><\/a>, r\u00e9cemment publi\u00e9 par la soci\u00e9t\u00e9 de conseil Henley\u202f&amp;\u202fPartners, classe l\u2019Italie au premier rang en Europe et au sixi\u00e8me rang mondial pour l\u2019afflux international de millionnaires, avec un solde net estim\u00e9 \u00e0 2\u202f200\u202fnouvelles arriv\u00e9es sur l\u2019ann\u00e9e de r\u00e9f\u00e9rence.<\/p>\n<p><strong>Pour les citoyens \u00e9trangers (hors UE) souhaitant se rendre en Italie afin de mener des initiatives d\u2019investissement, y compris la cr\u00e9ation de start\u2011up innovantes, ou encore des activit\u00e9s de formation avanc\u00e9e, de recherche ou de m\u00e9c\u00e9nat, des facilit\u00e9s sont pr\u00e9vues dans le traitement des demandes de visa d\u2019entr\u00e9e<\/strong> \u2014 telles que, par exemple, l\u2019acc\u00e8s direct et simplifi\u00e9 aux <strong><a href=\"https:\/\/www.esteri.it\/it\/ministero\/struttura\/laretediplomatica\/\">bureaux de la repr\u00e9sentation diplomatique ou consulaire<\/a><\/strong> comp\u00e9tente pour d\u00e9poser la demande.<\/p>\n<p>\u00c0 cet \u00e9gard, il convient de mentionner\u202f:<\/p>\n<ul>\n<li>le programme <strong><a href=\"https:\/\/investorvisa.mise.gov.it\/index.php\/it\/investor-visa-come-funziona\">Investor Visa for Italy<\/a><\/strong>, qui permet aux citoyens non communautaires souhaitant r\u00e9aliser un investissement important ou une donation philanthropique dans des actifs strat\u00e9giques pour le d\u00e9veloppement et la comp\u00e9titivit\u00e9 du \u00ab\u202fSyst\u00e8me Italie\u202f\u00bb, d\u2019entrer et de s\u00e9journer durablement dans le pays. Ce visa est accord\u00e9 pour des investissements dans des titres d\u2019\u00c9tat, dans des soci\u00e9t\u00e9s de capitaux, dans une start\u2011up innovante inscrite sur la liste officielle du <strong><a href=\"https:\/\/startup.registroimprese.it\/isin\/home\">Registre des entreprises<\/a><\/strong>, ou pour une donation philanthropique en faveur d\u2019un projet d\u2019int\u00e9r\u00eat public dans les domaines de la culture, de l\u2019\u00e9ducation, de la gestion de l\u2019immigration, de la recherche scientifique, ou encore de la restauration de biens culturels et paysagers.<\/li>\n<\/ul>\n<p><strong>Dans ce cas, les titulaires du visa obtiennent un permis de s\u00e9jour pour investisseurs, d\u2019une dur\u00e9e de deux ans, renouvelable par p\u00e9riodes suppl\u00e9mentaires de trois ans, tant que l\u2019investissement est maintenu.<\/strong><\/p>\n<ul>\n<li>le programme <strong><a href=\"https:\/\/italiastartupvisa.mise.gov.it\/\">Italy Startup Visa<\/a><\/strong>, destin\u00e9 aux entrepreneurs non communautaires souhaitant cr\u00e9er une start\u2011up innovante dans notre pays, offre des avantages significatifs en mati\u00e8re de fiscalit\u00e9, de droit des soci\u00e9t\u00e9s et d\u2019acc\u00e8s au cr\u00e9dit. Il permet \u00e9galement d\u2019obtenir un visa italien pour travail ind\u00e9pendant, pour un maximum de cinq personnes, dans des d\u00e9lais rapides gr\u00e2ce \u00e0 une proc\u00e9dure simplifi\u00e9e.<\/li>\n<\/ul>\n<p><strong>Pour en savoir plus sur les opportunit\u00e9s offertes par l\u2019Italie en mati\u00e8re d\u2019attraction des investissements \u00e9trangers, il est recommand\u00e9 de consulter les sites suivants\u202f:<\/strong><\/p>\n<ul>\n<li><a href=\"https:\/\/www.ice.it\/it\/chi-siamo\/invest-italy\"><strong>ICE \u2013 Agence pour la promotion \u00e0 l\u2019\u00e9tranger et l\u2019internationalisation des entreprises italiennes<\/strong><\/a>, qui, \u00e0 travers l\u2019aire d\u00e9di\u00e9e \u00e0 l\u2019Attraction des investissements \u00e9trangers (<em>AIE<\/em>), favorise l\u2019implantation et le d\u00e9veloppement de projets d\u2019entreprises \u00e9trang\u00e8res en Italie\u202f; promeut des opportunit\u00e9s d\u2019investissement dans tous les secteurs\u202f; et accompagne les investisseurs tout au long du cycle de vie de l\u2019investissement (assistance initiale, tutorat, accompagnement, <em>aftercare<\/em>).<\/li>\n<li><a href=\"https:\/\/www.invitalia.it\/eng\/support-to-foreign-investors\/support-to-foreign-investors\"><strong>Invitalia<\/strong><\/a>, l\u2019agence nationale qui accompagne les entreprises \u00e9trang\u00e8res souhaitant cr\u00e9er ou d\u00e9velopper leur activit\u00e9 en Italie, en offrant un large \u00e9ventail de services d\u2019information et d\u2019accompagnement \u00e0 chaque \u00e9tape de l\u2019investissement.<\/li>\n<li><strong><a href=\"https:\/\/www.italia.it\/it\">Italia.it<\/a><\/strong>, le site du Minist\u00e8re du Tourisme qui fournit toutes les informations n\u00e9cessaires pour planifier un voyage en Italie.<\/li>\n<li><a href=\"https:\/\/www.bancaditalia.it\/\"><strong>Banque d\u2019Italie<\/strong><\/a>, le site officiel de la Banque centrale de la R\u00e9publique italienne.<\/li>\n<li><a href=\"https:\/\/www.istat.it\/\"><strong>Institut national de statistique (ISTAT)<\/strong><\/a>, qui met \u00e0 disposition des informations statistiques, analyses et pr\u00e9visions relatives aux secteurs \u00e9conomique, d\u00e9mographique et social de l\u2019Italie.<\/li>\n<\/ul>\n<p><strong>Annexes disponibles\u202f:<\/strong><\/p>\n<ul>\n<li><strong>Doing Business in Italy: Investment Guide<\/strong> (<a href=\"https:\/\/www.ice.it\/en\/sites\/default\/files\/inline-files\/guida_db_2024_0.pdf\">ENG<\/a>)<\/li>\n<li><strong>Unveiling Italy\u2019s Economic Potential<\/strong>, \u00e9d.\u202f2025 (<a href=\"https:\/\/ambabuja.esteri.it\/wp-content\/uploads\/2025\/06\/Unveiling-Italys-economic-potential2025.pdf\">ENG<\/a>)<\/li>\n<li><strong>OECD Economic Survey Italy<\/strong>, 2024 (<a href=\"https:\/\/ambabuja.esteri.it\/wp-content\/uploads\/2025\/04\/Invest-in-Italy-OECD-Economic-Survey-2024-ENG.pdf\">ENG<\/a>)<\/li>\n<li><strong>Global Attractiveness Index<\/strong>, 2023 (<a href=\"https:\/\/www.ambrosetti.eu\/site\/get-media\/?type=doc&amp;id=18612&amp;doc_player=1\">ITA<\/a>, <a href=\"https:\/\/www.ambrosetti.eu\/site\/get-media\/?type=doc&amp;id=18611&amp;doc_player=1\">ENG<\/a>)<\/li>\n<li><strong>Italy: A Land of Opportunity<\/strong>, 2023 (<a href=\"https:\/\/ambabuja.esteri.it\/wp-content\/uploads\/2025\/04\/Invest-in-Italy-land-of-opportunities-2023-ENG.pdf\">ENG<\/a>)<\/li>\n<li><strong>Rapport annuel ISTAT<\/strong>, 2023 (<a href=\"https:\/\/www.istat.it\/storage\/rapporto-annuale\/2023\/Rapporto-Annuale-2023.pdf\">ITA<\/a>)<\/li>\n<li><strong>Excellence\u202f\u2013 Principaux secteurs industriels italiens<\/strong>, 2021 (<a href=\"https:\/\/ambabuja.esteri.it\/wp-content\/uploads\/2025\/04\/Invest-in-Italy-Excellence-Main-Productive-Sectors-2021-ENG.pdf\">ENG<\/a>)<\/li>\n<li><strong>Investor Visa for Italy\u202f\u2013 Manuel op\u00e9rationnel<\/strong>, 2021 (<a href=\"https:\/\/ambabuja.esteri.it\/wp-content\/uploads\/2025\/04\/Invest-in-Italy-visto-per-investitori-guida-2021-ITA.pdf\">ITA<\/a>)<\/li>\n<li><strong>Italia Start Up Visa\u202f\u2013 Lignes directrices<\/strong>, 2018 (<a href=\"https:\/\/ambabuja.esteri.it\/wp-content\/uploads\/2025\/04\/Investire-in-Italia-Visto-Start-Up-Guida-2018-ITA.pdf\">ITA<\/a>)<\/li>\n<li><strong>Guide sur le r\u00e9gime fiscal privil\u00e9gi\u00e9 pour nouveaux r\u00e9sidents \u00e0 hauts revenus<\/strong>, 2018 (<a href=\"https:\/\/ambabuja.esteri.it\/wp-content\/uploads\/2025\/04\/Investire-in-Italia-Guida-Regime-fiscale-agevolato-2018-ITA.pdf\">ITA<\/a>, ENG)<\/li>\n<\/ul>\n<\/div>\n","protected":false},"excerpt":{"rendered":"Investir en Italie offre diverses opportunit\u00e9s et avantages, permettant d\u2019acc\u00e9der \u00e0 un immense patrimoine de connaissances intellectuelles et sp\u00e9cialis\u00e9es uniques au monde, ainsi qu\u2019\u00e0 un savoir-faire exceptionnel dans de nombreux secteurs strat\u00e9giques. Voici les principales raisons pour lesquelles notre pays repr\u00e9sente une destination particuli\u00e8rement attractive pour l\u2019implantation d\u2019entreprises \u00e9trang\u00e8res et le d\u00e9veloppement de projets d\u2019investissements [&hellip;]","protected":false},"author":1,"featured_media":0,"parent":1827,"menu_order":0,"comment_status":"closed","ping_status":"closed","template":"","meta":{"footnotes":""},"class_list":["post-2399","page","type-page","status-publish","hentry"],"_links":{"self":[{"href":"https:\/\/ambabuja.esteri.it\/fr\/wp-json\/wp\/v2\/pages\/2399","targetHints":{"allow":["GET"]}}],"collection":[{"href":"https:\/\/ambabuja.esteri.it\/fr\/wp-json\/wp\/v2\/pages"}],"about":[{"href":"https:\/\/ambabuja.esteri.it\/fr\/wp-json\/wp\/v2\/types\/page"}],"author":[{"embeddable":true,"href":"https:\/\/ambabuja.esteri.it\/fr\/wp-json\/wp\/v2\/users\/1"}],"replies":[{"embeddable":true,"href":"https:\/\/ambabuja.esteri.it\/fr\/wp-json\/wp\/v2\/comments?post=2399"}],"version-history":[{"count":3,"href":"https:\/\/ambabuja.esteri.it\/fr\/wp-json\/wp\/v2\/pages\/2399\/revisions"}],"predecessor-version":[{"id":2600,"href":"https:\/\/ambabuja.esteri.it\/fr\/wp-json\/wp\/v2\/pages\/2399\/revisions\/2600"}],"up":[{"embeddable":true,"href":"https:\/\/ambabuja.esteri.it\/fr\/wp-json\/wp\/v2\/pages\/1827"}],"wp:attachment":[{"href":"https:\/\/ambabuja.esteri.it\/fr\/wp-json\/wp\/v2\/media?parent=2399"}],"curies":[{"name":"wp","href":"https:\/\/api.w.org\/{rel}","templated":true}]}}