{"id":2986,"date":"2023-09-25T15:27:52","date_gmt":"2023-09-25T14:27:52","guid":{"rendered":"https:\/\/ambabuja.esteri.it\/amministrazione-trasparente\/bandi-di-concorso\/"},"modified":"2025-10-30T12:59:55","modified_gmt":"2025-10-30T11:59:55","slug":"bandi-di-concorso","status":"publish","type":"page","link":"https:\/\/ambabuja.esteri.it\/fr\/amministrazione-trasparente\/bandi-di-concorso\/","title":{"rendered":"Concours Publics"},"content":{"rendered":"<p>L\u2019Ambassade d\u2019Italie \u00e0 Abuja recrute du personnel sous contrat \u00e0 dur\u00e9e d\u00e9termin\u00e9e ou ind\u00e9termin\u00e9e par le biais de concours publics autoris\u00e9s par le Minist\u00e8re des Affaires \u00e9trang\u00e8res et de la Coop\u00e9ration internationale. Vous trouverez ci-dessous les concours publi\u00e9s :<\/p>\n<p><strong>ANN\u00c9E 2025<\/strong> \u2013 Aucune donn\u00e9e \u00e0 publier<\/p>\n<p><strong>ANN\u00c9E 2024<\/strong> \u2013 Aucune donn\u00e9e \u00e0 publier<\/p>\n<p><strong>ANN\u00c9E 2023<\/strong> \u2013 Avis de recrutement (CLOS) d\u2019un (1) employ\u00e9 sous contrat \u00e0 affecter au service de : Assistant administratif (<em><a href=\"https:\/\/ambabuja.esteri.it\/it\/news\/dall_ambasciata\/2023\/09\/avviso-assunzione-impiegato-a-contratto-2\/\">Avis<\/a>\u00a0<\/em>\u2013\u00a0<a href=\"https:\/\/ambabuja.esteri.it\/it\/news\/dall_ambasciata\/2023\/09\/avviso-assunzione-impiegato-a-contratto-2\/\"><em>Demande<\/em>\u00a0<\/a>\u2013\u00a0<a href=\"https:\/\/ambabuja.esteri.it\/it\/news\/dall_ambasciata\/2023\/12\/esito-prove-desame-concorso-assistente-amministrativo\/\"><em>Classement final<\/em><\/a>)<\/p>\n<p><strong>ANN\u00c9E 2022<\/strong> \u2013 Aucune donn\u00e9e \u00e0 publier<\/p>\n<p><strong>ANN\u00c9E 2021<\/strong> \u2013 Avis de recrutement (CLOS) d\u2019un (1) employ\u00e9 sous contrat \u00e0 affecter au service de : Chauffeur\u2013Employ\u00e9\u2013Standardiste <em>(<a href=\"https:\/\/ambabuja.esteri.it\/it\/news\/dall_ambasciata\/2021\/08\/avviso-di-assunzione-di-un-impiegato\/\">Avis<\/a>\u00a0\u2013\u00a0<a href=\"https:\/\/ambabuja.esteri.it\/it\/news\/dall_ambasciata\/2021\/08\/avviso-di-assunzione-di-un-impiegato\/\">Demande<\/a>\u00a0\u2013\u00a0<a href=\"https:\/\/ambabuja.esteri.it\/wp-content\/uploads\/resource\/doc\/2021\/10\/graduatoria_finale_idonei_200pix.pdf\">Classement final<\/a>)<\/em><\/p>\n<p><strong>ANN\u00c9E 2020<\/strong> \u2013 Avis de recrutement (CLOS) d\u2019un (1) employ\u00e9 sous contrat \u00e0 affecter au service de : Collaboration administrative dans le secteur commercial (<em><a href=\"https:\/\/ambabuja.esteri.it\/wp-content\/uploads\/2023\/11\/Assunzione-di-un-impiegato-a-contratto-a-tempo-indeterminato-presso-l.docx\">Avis <\/a><\/em>\u2013\u00a0<a href=\"https:\/\/ambabuja.esteri.it\/wp-content\/uploads\/2023\/11\/2._fac-simile_di_domanda__mod._02-1-1.doc\"><em>Demande<\/em>\u00a0<\/a>\u2013\u00a0<a href=\"https:\/\/ambabuja.esteri.it\/wp-content\/uploads\/2023\/11\/graduatoria_finale_degli_idonei.pdf\"><em>Classement final<\/em><\/a>)<\/p>\n","protected":false},"excerpt":{"rendered":"L\u2019Ambassade d\u2019Italie \u00e0 Abuja recrute du personnel sous contrat \u00e0 dur\u00e9e d\u00e9termin\u00e9e ou ind\u00e9termin\u00e9e par le biais de concours publics autoris\u00e9s par le Minist\u00e8re des Affaires \u00e9trang\u00e8res et de la Coop\u00e9ration internationale. Vous trouverez ci-dessous les concours publi\u00e9s : ANN\u00c9E 2025 \u2013 Aucune donn\u00e9e \u00e0 publier ANN\u00c9E 2024 \u2013 Aucune donn\u00e9e \u00e0 publier ANN\u00c9E 2023 [&hellip;]","protected":false},"author":1,"featured_media":0,"parent":1870,"menu_order":2,"comment_status":"closed","ping_status":"closed","template":"","meta":{"footnotes":""},"class_list":["post-2986","page","type-page","status-publish","hentry"],"_links":{"self":[{"href":"https:\/\/ambabuja.esteri.it\/fr\/wp-json\/wp\/v2\/pages\/2986","targetHints":{"allow":["GET"]}}],"collection":[{"href":"https:\/\/ambabuja.esteri.it\/fr\/wp-json\/wp\/v2\/pages"}],"about":[{"href":"https:\/\/ambabuja.esteri.it\/fr\/wp-json\/wp\/v2\/types\/page"}],"author":[{"embeddable":true,"href":"https:\/\/ambabuja.esteri.it\/fr\/wp-json\/wp\/v2\/users\/1"}],"replies":[{"embeddable":true,"href":"https:\/\/ambabuja.esteri.it\/fr\/wp-json\/wp\/v2\/comments?post=2986"}],"version-history":[{"count":1,"href":"https:\/\/ambabuja.esteri.it\/fr\/wp-json\/wp\/v2\/pages\/2986\/revisions"}],"predecessor-version":[{"id":2992,"href":"https:\/\/ambabuja.esteri.it\/fr\/wp-json\/wp\/v2\/pages\/2986\/revisions\/2992"}],"up":[{"embeddable":true,"href":"https:\/\/ambabuja.esteri.it\/fr\/wp-json\/wp\/v2\/pages\/1870"}],"wp:attachment":[{"href":"https:\/\/ambabuja.esteri.it\/fr\/wp-json\/wp\/v2\/media?parent=2986"}],"curies":[{"name":"wp","href":"https:\/\/api.w.org\/{rel}","templated":true}]}}