{"id":3019,"date":"2023-09-25T15:29:43","date_gmt":"2023-09-25T14:29:43","guid":{"rendered":"https:\/\/ambabuja.esteri.it\/amministrazione-trasparente\/sovvenzioni-contributi-sussidi-vantaggi-economici\/"},"modified":"2025-10-30T14:55:32","modified_gmt":"2025-10-30T13:55:32","slug":"sovvenzioni-contributi-sussidi-vantaggi-economici","status":"publish","type":"page","link":"https:\/\/ambabuja.esteri.it\/fr\/amministrazione-trasparente\/sovvenzioni-contributi-sussidi-vantaggi-economici\/","title":{"rendered":"Subventions, Contributions, Aides, Avantages \u00c9conomiques"},"content":{"rendered":"<p><strong>ANN\u00c9E 2025<br \/>\n<\/strong>Aucune donn\u00e9e \u00e0 publier, car au cours de l\u2019ann\u00e9e 2025 aucune subvention, contribution, aide ou avantage \u00e9conomique n\u2019a \u00e9t\u00e9 accord\u00e9.<\/p>\n<p><strong>ANN\u00c9E 2024<\/strong><br \/>\nAucune donn\u00e9e \u00e0 publier, car au cours de l\u2019ann\u00e9e 2024 aucune subvention, contribution, aide ou avantage \u00e9conomique n\u2019a \u00e9t\u00e9 accord\u00e9.<\/p>\n<p><strong>ANN\u00c9E 2023<\/strong><br \/>\nAucune donn\u00e9e \u00e0 publier, car au cours de l\u2019ann\u00e9e 2023 aucune subvention, contribution, aide ou avantage \u00e9conomique n\u2019a \u00e9t\u00e9 accord\u00e9.<\/p>\n<p><a href=\"https:\/\/ambabuja.esteri.it\/wp-content\/uploads\/2024\/11\/titolo-II-2022.xls\"><strong>ANN\u00c9E 2022<\/strong><\/a><br \/>\nLes subventions, contributions, aides et avantages \u00e9conomiques accord\u00e9s au cours de l\u2019ann\u00e9e 2022 sont disponibles.<\/p>\n<p><a href=\"https:\/\/ambabuja.esteri.it\/wp-content\/uploads\/2024\/11\/titolo-II-2021.xls\"><strong>ANN\u00c9E 2021<\/strong><\/a><br \/>\nLes subventions, contributions, aides et avantages \u00e9conomiques accord\u00e9s au cours de l\u2019ann\u00e9e 2021 sont disponibles.<\/p>\n<p><strong>ANN\u00c9E 2020<br \/>\n<\/strong> Aucune donn\u00e9e \u00e0 publier, car au cours de l\u2019ann\u00e9e 2020 aucune subvention, contribution, aide ou avantage \u00e9conomique n\u2019a \u00e9t\u00e9 accord\u00e9.<\/p>\n<p><a href=\"https:\/\/ambabuja.esteri.it\/wp-content\/uploads\/2024\/11\/titolo-II-2019.xls\"><strong>ANN\u00c9E 2019<\/strong><\/a><br \/>\nLes subventions, contributions, aides et avantages \u00e9conomiques accord\u00e9s au cours de l\u2019ann\u00e9e 2019 sont disponibles.<\/p>\n","protected":false},"excerpt":{"rendered":"ANN\u00c9E 2025 Aucune donn\u00e9e \u00e0 publier, car au cours de l\u2019ann\u00e9e 2025 aucune subvention, contribution, aide ou avantage \u00e9conomique n\u2019a \u00e9t\u00e9 accord\u00e9. ANN\u00c9E 2024 Aucune donn\u00e9e \u00e0 publier, car au cours de l\u2019ann\u00e9e 2024 aucune subvention, contribution, aide ou avantage \u00e9conomique n\u2019a \u00e9t\u00e9 accord\u00e9. ANN\u00c9E 2023 Aucune donn\u00e9e \u00e0 publier, car au cours de l\u2019ann\u00e9e [&hellip;]","protected":false},"author":1,"featured_media":0,"parent":1870,"menu_order":8,"comment_status":"closed","ping_status":"closed","template":"","meta":{"footnotes":""},"class_list":["post-3019","page","type-page","status-publish","hentry"],"_links":{"self":[{"href":"https:\/\/ambabuja.esteri.it\/fr\/wp-json\/wp\/v2\/pages\/3019","targetHints":{"allow":["GET"]}}],"collection":[{"href":"https:\/\/ambabuja.esteri.it\/fr\/wp-json\/wp\/v2\/pages"}],"about":[{"href":"https:\/\/ambabuja.esteri.it\/fr\/wp-json\/wp\/v2\/types\/page"}],"author":[{"embeddable":true,"href":"https:\/\/ambabuja.esteri.it\/fr\/wp-json\/wp\/v2\/users\/1"}],"replies":[{"embeddable":true,"href":"https:\/\/ambabuja.esteri.it\/fr\/wp-json\/wp\/v2\/comments?post=3019"}],"version-history":[{"count":1,"href":"https:\/\/ambabuja.esteri.it\/fr\/wp-json\/wp\/v2\/pages\/3019\/revisions"}],"predecessor-version":[{"id":3028,"href":"https:\/\/ambabuja.esteri.it\/fr\/wp-json\/wp\/v2\/pages\/3019\/revisions\/3028"}],"up":[{"embeddable":true,"href":"https:\/\/ambabuja.esteri.it\/fr\/wp-json\/wp\/v2\/pages\/1870"}],"wp:attachment":[{"href":"https:\/\/ambabuja.esteri.it\/fr\/wp-json\/wp\/v2\/media?parent=3019"}],"curies":[{"name":"wp","href":"https:\/\/api.w.org\/{rel}","templated":true}]}}