{"id":3404,"date":"2025-12-04T13:55:59","date_gmt":"2025-12-04T12:55:59","guid":{"rendered":"https:\/\/ambabuja.esteri.it\/tariffe-consolari\/"},"modified":"2026-03-30T15:14:54","modified_gmt":"2026-03-30T14:14:54","slug":"tariffe-consolari","status":"publish","type":"page","link":"https:\/\/ambabuja.esteri.it\/fr\/tariffe-consolari\/","title":{"rendered":"Tarifs Consulaires"},"content":{"rendered":"<h5>II Trimestre 2026 (April, May, June)<\/h5>\n<p><a href=\"https:\/\/ambabuja.esteri.it\/wp-content\/uploads\/2026\/03\/calcolo-diritti-consolari-II-TRIM.-2026.xls\">Tarifs<\/a> et <a href=\"https:\/\/ambabuja.esteri.it\/wp-content\/uploads\/2026\/03\/Decreto-Tasso-Cambio-Consolare-II-Trim.-26_Firmato.pdf\">d\u00e9cret sur le taux de change<\/a><\/p>\n<h5><\/h5>\n<h5>I Trimestre 2026 (Janvier, F\u00e9vrier, Mars)<\/h5>\n<p><a href=\"https:\/\/ambabuja.esteri.it\/wp-content\/uploads\/2025\/12\/calcolo-diritti-consolari-I-TRIM.-2026.xls\">Tarifs<\/a> et <a href=\"https:\/\/ambabuja.esteri.it\/wp-content\/uploads\/2025\/12\/decreto-tasso-di-cambio-consolare-I-Trimestre-2026_Firmato-DIG-e-tembrato.pdf\">d\u00e9cret sur le taux de change<\/a><\/p>\n<h5><\/h5>\n<h5>IV Trimestre 2025 (Octobre, Novembre, D\u00e9cembre)<\/h5>\n<p><a href=\"https:\/\/ambabuja.esteri.it\/wp-content\/uploads\/2025\/12\/calcolo-diritti-consolari-IV-TRIM.2025.xls\">Tarifs<\/a> et d\u00e9cret sur le taux de change<\/p>\n<p>&nbsp;<\/p>\n<p>&nbsp;<\/p>\n","protected":false},"excerpt":{"rendered":"II Trimestre 2026 (April, May, June) Tarifs et d\u00e9cret sur le taux de change I Trimestre 2026 (Janvier, F\u00e9vrier, Mars) Tarifs et d\u00e9cret sur le taux de change IV Trimestre 2025 (Octobre, Novembre, D\u00e9cembre) Tarifs et d\u00e9cret sur le taux de change &nbsp; &nbsp;","protected":false},"author":6,"featured_media":0,"parent":0,"menu_order":0,"comment_status":"closed","ping_status":"closed","template":"","meta":{"footnotes":""},"class_list":["post-3404","page","type-page","status-publish","hentry"],"_links":{"self":[{"href":"https:\/\/ambabuja.esteri.it\/fr\/wp-json\/wp\/v2\/pages\/3404","targetHints":{"allow":["GET"]}}],"collection":[{"href":"https:\/\/ambabuja.esteri.it\/fr\/wp-json\/wp\/v2\/pages"}],"about":[{"href":"https:\/\/ambabuja.esteri.it\/fr\/wp-json\/wp\/v2\/types\/page"}],"author":[{"embeddable":true,"href":"https:\/\/ambabuja.esteri.it\/fr\/wp-json\/wp\/v2\/users\/6"}],"replies":[{"embeddable":true,"href":"https:\/\/ambabuja.esteri.it\/fr\/wp-json\/wp\/v2\/comments?post=3404"}],"version-history":[{"count":4,"href":"https:\/\/ambabuja.esteri.it\/fr\/wp-json\/wp\/v2\/pages\/3404\/revisions"}],"predecessor-version":[{"id":4090,"href":"https:\/\/ambabuja.esteri.it\/fr\/wp-json\/wp\/v2\/pages\/3404\/revisions\/4090"}],"wp:attachment":[{"href":"https:\/\/ambabuja.esteri.it\/fr\/wp-json\/wp\/v2\/media?parent=3404"}],"curies":[{"name":"wp","href":"https:\/\/api.w.org\/{rel}","templated":true}]}}