{"id":3512,"date":"2025-12-10T15:03:57","date_gmt":"2025-12-10T14:03:57","guid":{"rendered":"https:\/\/ambabuja.esteri.it\/italia-e-nigeria\/diplomazia-economica\/investor-visa-for-italy\/"},"modified":"2025-12-10T15:08:33","modified_gmt":"2025-12-10T14:08:33","slug":"investor-visa-for-italy","status":"publish","type":"page","link":"https:\/\/ambabuja.esteri.it\/fr\/italia-e-nigeria\/diplomazia-economica\/investor-visa-for-italy\/","title":{"rendered":"Investor Visa for Italy"},"content":{"rendered":"<p><a href=\"https:\/\/InvestinItaly.gov.it\"><strong><span tabindex=\"0\" role=\"button\" data-url=\"https:\/\/InvestinItaly.gov.it\" aria-label=\"InvestinItaly.gov.it, questo ti porter\u00e0 a investinitaly.gov.it\">InvestinItaly.gov.it<\/span><\/strong><\/a> est le portail pr\u00e9sentant les principales opportunit\u00e9s d\u2019investissement offertes par notre pays. En acc\u00e9dant \u00e0 la page officielle <a href=\"https:\/\/InvestinItaly.gov.it\"><strong><span tabindex=\"0\" role=\"button\" data-url=\"https:\/\/InvestinItaly.gov.it\" aria-label=\"InvestinItaly.gov.it, questo ti porter\u00e0 a investinitaly.gov.it\">InvestinItaly.gov.it<\/span><\/strong><\/a>, il est possible de consulter des fiches d\u00e9taill\u00e9es sur <strong>13 secteurs strat\u00e9giques<\/strong> pour l\u2019\u00e9conomie nationale, ainsi que d\u2019obtenir des informations sur les principaux <strong>obligations administratives et incitations disponibles<\/strong> au niveau national.<\/p>\n<p>En particulier, la section consacr\u00e9e aux opportunit\u00e9s d\u2019implantation r\u00e9pertorie <strong>plus de 250 sites industriels publics<\/strong> \u2014 greenfield, brownfield et logistiques \u2014 disponibles pour les investisseurs, avec des d\u00e9tails concernant la superficie, la distance des principales infrastructures et la localisation \u00e9ventuelle dans des zones b\u00e9n\u00e9ficiant d\u2019incitations sp\u00e9cifiques.<\/p>\n<p>Est \u00e9galement actif le <strong>Programme Investor Visa for Italy<\/strong>, qui permet aux citoyens non-UE d\u2019entrer et de s\u00e9journer en Italie pour de longues p\u00e9riodes en contrepartie d\u2019un investissement dans notre pays, conform\u00e9ment \u00e0 la loi du <strong>11 d\u00e9cembre 2016, n\u00b0 232<\/strong>.<\/p>\n<p>Le programme se distingue par des <strong>seuils d\u2019investissement r\u00e9duits<\/strong> et par l\u2019<strong>absence d\u2019exigences minimales de r\u00e9sidence<\/strong>. Les b\u00e9n\u00e9ficiaires du visa obtiennent un <strong>permis de s\u00e9jour pour investisseurs d\u2019une dur\u00e9e de deux ans<\/strong>, renouvelable pour des p\u00e9riodes suppl\u00e9mentaires de trois ans pendant toute la dur\u00e9e de l\u2019investissement.<\/p>\n<p>Pour la pr\u00e9sentation de la demande, les candidats peuvent acc\u00e9der au portail d\u00e9di\u00e9, disponible au lien suivant : <a href=\"https:\/\/investorvisa.mise.gov.it\"><strong><span tabindex=\"0\" role=\"button\" data-url=\"https:\/\/investorvisa.mise.gov.it\" aria-label=\"https:\/\/investorvisa.mise.gov.it, questo ti porter\u00e0 a investorvisa.mise.gov.it\">https:\/\/investorvisa.mise.gov.it<\/span><\/strong><\/a>.<\/p>\n","protected":false},"excerpt":{"rendered":"InvestinItaly.gov.it est le portail pr\u00e9sentant les principales opportunit\u00e9s d\u2019investissement offertes par notre pays. En acc\u00e9dant \u00e0 la page officielle InvestinItaly.gov.it, il est possible de consulter des fiches d\u00e9taill\u00e9es sur 13 secteurs strat\u00e9giques pour l\u2019\u00e9conomie nationale, ainsi que d\u2019obtenir des informations sur les principaux obligations administratives et incitations disponibles au niveau national. En particulier, la section [&hellip;]","protected":false},"author":6,"featured_media":0,"parent":1827,"menu_order":0,"comment_status":"closed","ping_status":"closed","template":"","meta":{"footnotes":""},"class_list":["post-3512","page","type-page","status-publish","hentry"],"_links":{"self":[{"href":"https:\/\/ambabuja.esteri.it\/fr\/wp-json\/wp\/v2\/pages\/3512","targetHints":{"allow":["GET"]}}],"collection":[{"href":"https:\/\/ambabuja.esteri.it\/fr\/wp-json\/wp\/v2\/pages"}],"about":[{"href":"https:\/\/ambabuja.esteri.it\/fr\/wp-json\/wp\/v2\/types\/page"}],"author":[{"embeddable":true,"href":"https:\/\/ambabuja.esteri.it\/fr\/wp-json\/wp\/v2\/users\/6"}],"replies":[{"embeddable":true,"href":"https:\/\/ambabuja.esteri.it\/fr\/wp-json\/wp\/v2\/comments?post=3512"}],"version-history":[{"count":1,"href":"https:\/\/ambabuja.esteri.it\/fr\/wp-json\/wp\/v2\/pages\/3512\/revisions"}],"predecessor-version":[{"id":3517,"href":"https:\/\/ambabuja.esteri.it\/fr\/wp-json\/wp\/v2\/pages\/3512\/revisions\/3517"}],"up":[{"embeddable":true,"href":"https:\/\/ambabuja.esteri.it\/fr\/wp-json\/wp\/v2\/pages\/1827"}],"wp:attachment":[{"href":"https:\/\/ambabuja.esteri.it\/fr\/wp-json\/wp\/v2\/media?parent=3512"}],"curies":[{"name":"wp","href":"https:\/\/api.w.org\/{rel}","templated":true}]}}