{"id":46,"date":"2023-04-11T18:11:52","date_gmt":"2023-04-11T16:11:52","guid":{"rendered":"https:\/\/ambasciatapraga.esteri.it\/?page_id=46"},"modified":"2023-11-06T13:07:31","modified_gmt":"2023-11-06T12:07:31","slug":"cooperazione-allo-sviluppo","status":"publish","type":"page","link":"https:\/\/ambabuja.esteri.it\/it\/italia-e-nigeria\/cooperazione-allo-sviluppo\/","title":{"rendered":"Cooperazione allo sviluppo"},"content":{"rendered":"<p>La Cooperazione italiana ha affidato a organismi internazionali l\u2019esecuzione di 4 progetti di assistenza umanitaria in favore delle popolazioni del nord est vittime delle violenze di Boko Haram. I 4 progetti, oggigiorno in esecuzione, sono stati affidati a:<\/p>\n<p>a) OIM, \u201cStrenghtening the Humanitarian Response to Conflict-Affected Populations in Borno State\u201d, Euro 500.000. Il progetto permette la distribuzione di emergency shelter kit e beni di prima necessit\u00e0 (NFIs) nelle aree divenute accessibili nello stato di Borno (tra cui quali Askira\/Uba, Bama, Konduga, Mafa, Damboa, Dikwa, Gwoza, Kaga, Kukawa, Monguno, Ngala, Nganzai).<\/p>\n<p>b) UNICEF, \u201cAddressign Maternal and Child malnutrition in Borno, Nigeria\u201d, Euro 500.000. Il progetto promuove interventi di contrasto della malnutrizione acuta, materno e infantile, nello stato di Borno.<\/p>\n<p>c) CICR, nel quadro della revisione dell\u2019appello annuale del Comitato per la regione del Lago Ciad, Euro 500.000. Grazie al contributo italiano CICR prosegue ed estende l\u2019assistenza alle popolazioni nigeriane vittime della violenza di Boko Haram, mediante la distribuzione di beni di prima necessit\u00e0, cibo shelters, ecc. Infine, il progetto permette il miglioramento dell\u2019approvvigionamento idrico nella citt\u00e0 di Maiduguri e la creazione di cliniche mobili pr offrire cure sanitarie di base agli sfollati interni.<\/p>\n<p>d) UNHCR, \u201cHumanitarian Assistance to IDPs in liberated areas of Borno State, North-East Nigeria\u201d, Euro 500.000, per interventi nel settore della protezione e la fornitura di beni di prima necessit\u00e0 agli sfollati interni pi\u00f9 vulnerabili, all&#8217;interno dei campi formali, dei siti provvisori e delle comunit\u00e0 ospitanti.<\/p>\n<p>Inoltre, la Cooperazione italiana ha in programma il finanziamento e l\u2019esecuzione, in gestione diretta, altri 2 interventi in favore delle popolazioni sfollate e rifugiate di Niger, Nigeria, Ciad e Camerun:<\/p>\n<p>a) \u201cRelief Lake Ciad\u201d, di assistenza umanitaria in favore delle popolazioni sfollate e rifugiate nelle Regioni\/Stati di Diffa (Niger), Extremo nord (Camerun), Lac (Ciad), Borno, Yobe, Gombe, Adamawa (in Nigeria). L\u2019ammontare finanziario \u00e8 di Euro 3.350.000<\/p>\n<p>b) \u201cRemain Lake Ciad\u201d, di resilienze e sviluppo nelle regioni di cui sopra. L\u2019ammontare finanziario \u00e8 di Euro 9.000.000.<\/p>\n<p>Di conseguenza, la Cooperazione italiana affronter\u00e0 l\u2019emergenza nella regione del Lago Ciad con un pacchetto finanziario complessivo di 14.350.000 annuo.<\/p>\n<p>&nbsp;<\/p>\n","protected":false},"excerpt":{"rendered":"La Cooperazione italiana ha affidato a organismi internazionali l\u2019esecuzione di 4 progetti di assistenza umanitaria in favore delle popolazioni del nord est vittime delle violenze di Boko Haram. I 4 progetti, oggigiorno in esecuzione, sono stati affidati a: a) OIM, \u201cStrenghtening the Humanitarian Response to Conflict-Affected Populations in Borno State\u201d, Euro 500.000. Il progetto permette [&hellip;]","protected":false},"author":1,"featured_media":0,"parent":14,"menu_order":6,"comment_status":"closed","ping_status":"closed","template":"","meta":{"footnotes":""},"class_list":["post-46","page","type-page","status-publish","hentry"],"_links":{"self":[{"href":"https:\/\/ambabuja.esteri.it\/it\/wp-json\/wp\/v2\/pages\/46","targetHints":{"allow":["GET"]}}],"collection":[{"href":"https:\/\/ambabuja.esteri.it\/it\/wp-json\/wp\/v2\/pages"}],"about":[{"href":"https:\/\/ambabuja.esteri.it\/it\/wp-json\/wp\/v2\/types\/page"}],"author":[{"embeddable":true,"href":"https:\/\/ambabuja.esteri.it\/it\/wp-json\/wp\/v2\/users\/1"}],"replies":[{"embeddable":true,"href":"https:\/\/ambabuja.esteri.it\/it\/wp-json\/wp\/v2\/comments?post=46"}],"version-history":[{"count":2,"href":"https:\/\/ambabuja.esteri.it\/it\/wp-json\/wp\/v2\/pages\/46\/revisions"}],"predecessor-version":[{"id":341,"href":"https:\/\/ambabuja.esteri.it\/it\/wp-json\/wp\/v2\/pages\/46\/revisions\/341"}],"up":[{"embeddable":true,"href":"https:\/\/ambabuja.esteri.it\/it\/wp-json\/wp\/v2\/pages\/14"}],"wp:attachment":[{"href":"https:\/\/ambabuja.esteri.it\/it\/wp-json\/wp\/v2\/media?parent=46"}],"curies":[{"name":"wp","href":"https:\/\/api.w.org\/{rel}","templated":true}]}}