{"id":69,"date":"2023-04-11T18:18:20","date_gmt":"2023-04-11T16:18:20","guid":{"rendered":"https:\/\/ambasciatapraga.esteri.it\/?page_id=69"},"modified":"2023-11-08T21:13:13","modified_gmt":"2023-11-08T20:13:13","slug":"assistenza-ai-cittadini-allestero","status":"publish","type":"page","link":"https:\/\/ambabuja.esteri.it\/it\/servizi-consolari-e-visti\/servizi-per-il-cittadino-italiano\/assistenza-ai-cittadini-allestero\/","title":{"rendered":"Assistenza ai cittadini all&#8217;estero"},"content":{"rendered":"<p><strong>RIMPATRI E RIMPATRI SANITARI<\/strong><\/p>\n<p>Un settore particolarmente delicato dell\u2019attivit\u00e0 di assistenza ai cittadini italiani all\u2019estero riguarda il rimpatrio dei connazionali che si trovino in Paesi stranieri in situazioni di gravi difficolt\u00e0, non superabili in loco. Gli interventi della Farnesina, in collaborazione con gli enti territorialmente competenti (Prefetture, Questure, Comuni, Unit\u00e0 Sanitarie Locali, Servizi Sociali), riguardano:<\/p>\n<p>\u00b7 connazionali emigrati, che si trovano nella necessit\u00e0 di rientrare in Italia in via definitiva per motivi economici o sanitari;<\/p>\n<p>\u00b7 minori in stato di abbandono;<\/p>\n<p>\u00b7 malati di mente (la procedura in questo caso e&#8217; assai complessa, perch\u00e9 richiede la presenza di uno o pi\u00f9 accompagnatori qualificati, nonch\u00e9 il reperimento di ospedali specializzati);<\/p>\n<p>\u00b7 cittadini italiani al termine della detenzione o espulsi;<\/p>\n<p>\u00b7 anziani soli per i quali viene richiesto il ricovero in case di riposo in Italia;<\/p>\n<p>\u00b7 ammalati gravi che non possono essere curati in loco per mancanza di idonee strutture.<\/p>\n<p><strong>RIMPATRIO DELLE SALME<\/strong><\/p>\n<p>Perdere una persona cara \u00e8 sempre motivo di grande dolore, ma se questo dovesse succedere all&#8217;estero, al dolore si aggiunge la necessit\u00e0 di risolvere alcuni problemi pratici. Qui di seguito diamo delle indicazioni sulla soluzione di tali problemi. Per il rimpatrio della salma, una volta contattata una Rappresentanza italiana all&#8217;estero, sar\u00e0 inoltrata una richiesta al competente Comune italiano per ottenere il &#8220;nulla osta all&#8217;introduzione della salma&#8221;. Avuto il &#8220;nulla osta&#8221; dal Comune, l&#8217;agenzia di pompe funebri, incaricata dai familiari del rimpatrio a proprie spese della salma, potr\u00e0 procedere. E&#8217; peraltro possibile rivolgersi alle Regioni ed agli enti locali per eventuali rimborsi o contributi. In caso di decesso di connazionali residenti all&#8217;estero in stato di accertata indigenza, il Consolato o l&#8217;Ambasciata contattati potranno prestare assistenza ai familiari indigenti, residenti all&#8217;estero, del connazionale deceduto, mediante rimborso totale o parziale delle spese funebri sostenute in loco, regolarmente documentate.<\/p>\n<p>&nbsp;<\/p>\n<p><strong>PROTEZIONE CONSOLARE E QUESTIONI LEGALI<\/strong><\/p>\n<p>Nell&#8217;ambito della protezione e dell&#8217;assistenza consolare, numerosi interventi riguardano i cittadini che incorrano in problemi con la giustizia locale o che rimangano coinvolti in incidenti; il rimpatrio delle salme; la ricerca di connazionali che non danno pi\u00f9 notizia di s\u00e9; l&#8217;assistenza a genitori italiani ai quali il coniuge straniero o doppio cittadino abbia sottratto un figlio, portandolo con s\u00e9 all&#8217;estero.<\/p>\n<p>Per gli incidenti occorsi all&#8217;estero, le Rappresentanze diplomatico-consolari si assicurano che i cittadini ricevano adeguati trattamenti medici in loco, che vengano debitamente informati i familiari e che venga fornita ogni possibile assistenza in caso di necessit\u00e0 di trasferimento in Italia.<\/p>\n<p>Nel caso in cui un connazionale sia arrestato in un paese straniero, il Consolato pu\u00f2:<\/p>\n<p>\u00b7 effettuare visite consolari al detenuto;<\/p>\n<p>\u00b7 indicare un eventuale legale;<\/p>\n<p>\u00b7 curare i collegamenti con i familiari in Italia;<\/p>\n<p>\u00b7 provvedere ad assicurare al detenuto, quando necessario e consentito dalle norme locali, assistenza medica, alimenti, libri e giornali;<\/p>\n<p>\u00b7 intervenire per il trasferimento in Italia, qualora il connazionale sia detenuto in Paesi aderenti alla Convenzione di Strasburgo sul trasferimento dei detenuti o ad accordi bilaterali ad hoc;<\/p>\n<p>\u00b7 intervenire, in particolari casi, per sostenere domande di grazia, su basi umanitarie.<\/p>\n<p>Il Consolato non pu\u00f2:<\/p>\n<p>\u00b7 intervenire in giudizio per conto del connazionale;<\/p>\n<p>\u00b7 pagare le spese legali del detenuto.<\/p>\n<p><strong>LA SOTTRAZIONE INTERNAZIONALE DI MINORI<\/strong><\/p>\n<p>La problematica della sottrazione internazionale di minori ha assunto negli ultimi tempi una rilevanza crescente, sia per l&#8217;aumento di separazioni, spesso conflittuali, fra persone di diversa o doppia cittadinanza, sia per la maggiore sensibilit\u00e0 con la quale il problema \u00e8 avvertito nel nostro Paese.<\/p>\n<p>Il solo strumento cogente a disposizione del genitore connazionale per il recupero del minore \u00e8 la Convenzione dell&#8217;Aja del 25.10.1980 (Autorit\u00e0 Centrale per l\u2019Italia \u00e8 il Dipartimento Giustizia Minorile presso il Ministero della Giustizia). In caso di non applicabilit\u00e0 della Convenzione, il Ministero attua appieno le sue funzioni istituzionali modulando gli interventi in relazione alla specificit\u00e0 dei casi.<\/p>\n<p><strong>RICERCHE DI CONNAZIONALI ALL&#8217;ESTERO<\/strong><\/p>\n<p>Sulla base della Legge 675\/96 sulla riservatezza dei dati personali, nessun ente pubblico pu\u00f2 diffondere informazioni su persone a privati cittadini senza il consenso degli interessati. Pertanto, una volta individuata la persona cercata, il Ministero degli Affari Esteri chiede il consenso dell&#8217;interessato\/a ad informare chi ha inoltrato la richiesta di notizie. In alcuni Paesi, come per esempio gli Stati Uniti d&#8217;America, la locale legge sulla riservatezza non permette di diffondere notizie su persone sul loro territorio. E&#8217; pertanto necessario accertarsi caso per caso della legge applicabile.<\/p>\n<p>Entro tali limiti normativi \u00e8 possibile attivare una ricerca in uno dei modi seguenti:<\/p>\n<p>\u00b7 inviando un fax all&#8217;Ufficio IV della Direzione Generale Italiani all&#8217;estero ai numeri 06 36 91 86 09\/06 36 91 86 28;<\/p>\n<p>\u00b7 inviando un fax al Consolato competente territorialmente;<\/p>\n<p>\u00b7 telefonando al numero 06 36 91 29 30 dalle 9.30 alle 16.00 specificando i propri dati, quelli della persona che si sta cercando e il motivo per il quale la si vuole rintracciare.<\/p>\n<p>&nbsp;<\/p>\n<p><strong>ASSISTENZA SANITARIA<\/strong><\/p>\n<p>Brevi informazioni sull\u2019 ASSISTENZA SANITARIA IN ITALIA dei cittadini italiani residenti all\u2019estero in Paesi non convenzionati (Nigeria, Benin)<\/p>\n<p>I cittadini italiani che trasferiscono (o hanno trasferito) la residenza in uno Stato con il quale non \u00e8 in vigore alcuna convenzione con l\u2019Italia, perdono il diritto all\u2019assistenza sanitaria italiana, sia in Italia che all\u2019estero, all\u2019atto della cancellazione dall\u2019anagrafe comunale e della iscrizione all\u2019AIRE (Anagrafe Italiani Residenti all\u2019Estero), fatta eccezione per i lavoratori di diritto italiano in temporaneo distacco. L\u2019iscrizione all\u2019AIRE o il diritto di voto in Italia, non aprono un diritto all\u2019assistenza sanitaria in Italia.<\/p>\n<p>Tuttavia, ai sensi del DM 1.2.1996 (*), ai cittadini con lo stato di emigrato ed ai titolari di pensione corrisposta da enti previdenziali italiani, che rientrino temporaneamente in Italia, sono riconosciute, a titolo gratuito, le prestazioni ospedaliere urgenti e per un periodo massimo di 90 giorni per ogni anno solare, qualora gli stessi non abbiano una copertura assicurativa, pubblica o privata, per le suddette prestazioni sanitarie.<\/p>\n<p>Per ottenere le prestazioni ospedaliere urgenti \u00e8 necessario presentare:<\/p>\n<p>&#8211; un attestato rilasciato dal competente Consolato inerente lo stato di emigrato<\/p>\n<p>oppure<\/p>\n<p>&#8211; sottoscrivere una dichiarazione sostitutiva di atto di notoriet\u00e0 in cui si dichiara &#8211; oltre al proprio stato di emigrato &#8211; che non si \u00e8 in possesso di una copertura assicurativa contro le malattie, pubblica o privata.<\/p>\n<p>Attenzione: alcune Regioni (ad es. il Veneto) garantiscono un assistenza sanitaria pi\u00f9 ampia nei confronti dei cittadini emigrati dalla propria Regione. Pertanto si consiglia di rivolgersi presso gli Assessorati regionali e provinciali alla Sanit\u00e0.<\/p>\n<p>Norme diverse riguardano i cittadini italiani &#8211; e i loro famigliari &#8211; con attivit\u00e1 di lavoro all\u2019estero, assicurati contro le malattie a carico del Servizio Sanitario Nazionale, come individuati dall\u2019art. 2 del DPR 618\/1980 (**), i quali, per usufruire delle prestazioni sanitarie in occasione del loro temporaneo rientro in Italia, debbono premunirsi di un apposito attestato rilasciato dall\u2019Ufficio consolare.<\/p>\n<p>Ulteriori informazioni consultando il\u00a0sito del <a href=\"https:\/\/www.salute.gov.it\/portale\/home.html\">Ministero della Salute<\/a>.<\/p>\n<p><strong>ASSISTENZA ECONOMICA<\/strong><\/p>\n<p>Il Consolato pu\u00f2 erogare un sussidio al cittadino italiano residente stabilmente nella circoscrizione consolare che si trovi in una situazione di comprovata eccezionale necessit\u00e0, come un ritardo nell\u2019arrivo dell\u2019assegno di assistenza governativa, disabilit\u00e0, condizioni mediche particolari che comportano speciali spese mediche, dietetiche o farmaceutiche non coperte dall\u2019assistenza locale, eccetera. Il connazionale indigente dovr\u00e0 appunto provare, all\u2019occorrenza, la sua condizione di eccezionale necessit\u00e0 esibendo la documentazione che gli verr\u00e0 richiesta. I sussidi non possono superare il limite massimo stabilito dalle disposizioni ministeriali.<br \/>\nIn questo tipo di assistenza rientra anche il rilascio o il rinnovo gratuito del passaporto italiano a cittadini in difficolt\u00e0 economiche.<\/p>\n<p>Il cittadino italiano in transito che abbia subito il furto di denaro o altri documenti pu\u00f2 anche richiedere l\u2019erogazione di un prestito con promessa di restituzione allo Stato italiano. La concessione del prestito \u00e8 subordinata alla valutazione del Consolato.<\/p>\n","protected":false},"excerpt":{"rendered":"RIMPATRI E RIMPATRI SANITARI Un settore particolarmente delicato dell\u2019attivit\u00e0 di assistenza ai cittadini italiani all\u2019estero riguarda il rimpatrio dei connazionali che si trovino in Paesi stranieri in situazioni di gravi difficolt\u00e0, non superabili in loco. Gli interventi della Farnesina, in collaborazione con gli enti territorialmente competenti (Prefetture, Questure, Comuni, Unit\u00e0 Sanitarie Locali, Servizi Sociali), riguardano: [&hellip;]","protected":false},"author":1,"featured_media":0,"parent":47,"menu_order":6,"comment_status":"closed","ping_status":"closed","template":"","meta":{"footnotes":""},"class_list":["post-69","page","type-page","status-publish","hentry"],"_links":{"self":[{"href":"https:\/\/ambabuja.esteri.it\/it\/wp-json\/wp\/v2\/pages\/69","targetHints":{"allow":["GET"]}}],"collection":[{"href":"https:\/\/ambabuja.esteri.it\/it\/wp-json\/wp\/v2\/pages"}],"about":[{"href":"https:\/\/ambabuja.esteri.it\/it\/wp-json\/wp\/v2\/types\/page"}],"author":[{"embeddable":true,"href":"https:\/\/ambabuja.esteri.it\/it\/wp-json\/wp\/v2\/users\/1"}],"replies":[{"embeddable":true,"href":"https:\/\/ambabuja.esteri.it\/it\/wp-json\/wp\/v2\/comments?post=69"}],"version-history":[{"count":4,"href":"https:\/\/ambabuja.esteri.it\/it\/wp-json\/wp\/v2\/pages\/69\/revisions"}],"predecessor-version":[{"id":872,"href":"https:\/\/ambabuja.esteri.it\/it\/wp-json\/wp\/v2\/pages\/69\/revisions\/872"}],"up":[{"embeddable":true,"href":"https:\/\/ambabuja.esteri.it\/it\/wp-json\/wp\/v2\/pages\/47"}],"wp:attachment":[{"href":"https:\/\/ambabuja.esteri.it\/it\/wp-json\/wp\/v2\/media?parent=69"}],"curies":[{"name":"wp","href":"https:\/\/api.w.org\/{rel}","templated":true}]}}